{"id":1094,"date":"2025-04-20T04:04:03","date_gmt":"2025-04-20T04:04:03","guid":{"rendered":"https:\/\/www.dronestab.ru\/?post_type=product&#038;p=1094"},"modified":"2025-04-20T04:05:09","modified_gmt":"2025-04-20T04:05:09","slug":"commercial-drone-motor-h202150-custom-made-heavy-duty-180kgs-multi-rotor-motor-high-voltage-power-uav-version-drone","status":"publish","type":"product","link":"https:\/\/www.gimbaluav.com\/es\/producto\/drone-comercial-motor-h202150-personalizado-de-alta-resistencia-180kgs-multi-rotor-del-motor-de-alta-tension-de-energia-uav-version-drone\/","title":{"rendered":"drone comercial motor H202150 personalizado de alta resistencia 180KGS Multi-rotor motor de alta tensi\u00f3n de energ\u00eda UAV versi\u00f3n drone"},"content":{"rendered":"<div class=\"electro-description clearfix\">\n<h1>drone comercial motor H202150 personalizado de alta resistencia Multi-rotor motor de alta tensi\u00f3n de energ\u00eda UAV versi\u00f3n drone<\/h1>\n<p>motor para drones comerciales con componentes de alta calidad para sistemas a\u00e9reos no tripulados (UAS) de uno o varios rotores. Somos l\u00edderes en el mercado de motores sin escobillas, controladores electr\u00f3nicos de velocidad (ESC) y palas de h\u00e9lice de calidad militar para drones comerciales e industriales. El motor sin escobillas El motor de su dron es a lo que est\u00e1n conectadas sus h\u00e9lices, lo que hace que giren y generen empuje para que su dron pueda volar. En pocas palabras, un motor sin escobillas contiene un mont\u00f3n de electroimanes (bobinas) que est\u00e1n conectados entre s\u00ed en pares espec\u00edficos. \u00bfQu\u00e9 es el KV en un motor de drone? Se mide por el n\u00famero de revoluciones por minuto (rpm) que gira un motor cuando se le aplica 1V (un voltio) sin carga. El \u00edndice de Kv de un motor sin escobillas es la relaci\u00f3n entre las rpm sin carga del motor y la tensi\u00f3n de pico en los cables conectados a las bobinas.<\/p>\n<p>Modelo (tipo de motor) KV15<br \/>Tama\u00f1o del motor Tama\u00f1o del motor (mm) \u03c6202*150<br \/>Peso (g) 12000<br \/>Par (nM) 130<br \/>Velocidad (RPM) 4500<br \/>Corriente continua m\u00e1xima (A) 250<br \/>Potencia continua m\u00e1xima (W) 80000<br \/>Potencia continua (W) 45000<br \/>Fuerza de tracci\u00f3n m\u00e1xima (g) 180000<br \/>Adecuado para ESC 144v 400A<br \/>EJE: 20mm<br \/>RANURA:36<br \/>POSTES: 20 (40 MAGANET)<\/p>\n<p><img loading=\"lazy\" decoding=\"async\" class=\"alignnone wp-image-8818 size-full\" src=\"\/wp-content\/uploads\/2025\/03\/1-1-1.jpg\" alt=\"motor para drones comerciales\" width=\"1000\" height=\"1000\"sizes=\"auto, (max-width: 1000px) 100vw, 1000px\"><img loading=\"lazy\" decoding=\"async\" class=\"alignnone wp-image-8819 size-full\" src=\"\/wp-content\/uploads\/2025\/03\/1-1.jpg\" alt=\"motor para drones comerciales\" width=\"1000\" height=\"1000\"sizes=\"auto, (max-width: 1000px) 100vw, 1000px\"> <img loading=\"lazy\" decoding=\"async\" class=\"alignnone size-full wp-image-8820\" src=\"\/wp-content\/uploads\/2025\/03\/1.png\" alt=\"\" width=\"872\" height=\"302\"sizes=\"auto, (max-width: 872px) 100vw, 872px\"> <img loading=\"lazy\" decoding=\"async\" class=\"alignnone size-full wp-image-8821\" src=\"\/wp-content\/uploads\/2025\/03\/1-1-2.jpg\" alt=\"\" width=\"820\" height=\"354\"sizes=\"auto, (max-width: 820px) 100vw, 820px\"> <img loading=\"lazy\" decoding=\"async\" class=\"alignnone size-full wp-image-8822\" src=\"\/wp-content\/uploads\/2025\/03\/2.png\" alt=\"\" width=\"1000\" height=\"1000\"sizes=\"auto, (max-width: 1000px) 100vw, 1000px\"> <img loading=\"lazy\" decoding=\"async\" class=\"alignnone wp-image-8823 size-full\" src=\"\/wp-content\/uploads\/2025\/03\/6-1.jpg\" alt=\"motor para drones comerciales\" width=\"1000\" height=\"1000\"sizes=\"auto, (max-width: 1000px) 100vw, 1000px\"> <img loading=\"lazy\" decoding=\"async\" class=\"alignnone size-full wp-image-8824\" src=\"\/wp-content\/uploads\/2025\/03\/7-1.jpg\" alt=\"\" width=\"1000\" height=\"1000\"sizes=\"auto, (max-width: 1000px) 100vw, 1000px\"> <img loading=\"lazy\" decoding=\"async\" class=\"alignnone wp-image-8825 size-full\" src=\"\/wp-content\/uploads\/2025\/03\/8-1.jpg\" alt=\"motor para drones comerciales\" width=\"1000\" height=\"1000\"sizes=\"auto, (max-width: 1000px) 100vw, 1000px\"> <img loading=\"lazy\" decoding=\"async\" class=\"alignnone size-full wp-image-8826\" src=\"\/wp-content\/uploads\/2025\/03\/9-1.jpg\" alt=\"\" width=\"1000\" height=\"1000\"sizes=\"auto, (max-width: 1000px) 100vw, 1000px\"><\/p>\n<\/div>\n<div class=\"product_meta\"><span class=\"sku_wrapper\">SKU: <span class=\"sku\">5487FB8\/10-131<\/span><\/span><span class=\"posted_in\">Categor\u00edas: Accesorios, Drone agr\u00edcola, Motor para drones, Motor\/ESC\/h\u00e9lice para cargas pesadas, Piezas de drones industriales y UAV, Motores, Sistema de alimentaci\u00f3n y h\u00e9lices, Sistema de alimentaci\u00f3n y h\u00e9lices<\/span><\/div>","protected":false},"excerpt":{"rendered":"<p>commercial drone motor H202150 custom made heavy duty Multi-rotor motor high-voltage power UAV version drone commercial drone motor with high quality components for single- and multi-rotor unmanned aerial systems (UAS).\u00a0We are a market leader in both custom and off-the-shelf brushless motors, electronic speed controllers (ESCs), and military-grade propeller blades for commercial and industrial drones. The [&#8230;]","protected":false},"featured_media":1181,"comment_status":"open","ping_status":"closed","template":"","meta":[],"product_brand":[],"product_cat":[265],"product_tag":[74,75,76,77,80,240,266],"class_list":{"0":"post-1094","1":"product","2":"type-product","3":"status-publish","4":"has-post-thumbnail","6":"product_cat-motors","7":"product_tag-accessories","8":"product_tag-drone-motor","9":"product_tag-industrial-drone-uav-parts","10":"product_tag-power-system-propeller","11":"product_tag-agriculture-drone","12":"product_tag-heavy-lift-motor-esc-propeller","13":"product_tag-motors","15":"first","16":"instock","17":"shipping-taxable","18":"purchasable","19":"product-type-simple"},"yoast_head":"<!-- This site is optimized with the Yoast SEO Premium plugin v25.1 (Yoast SEO v25.1) - https:\/\/yoast.com\/wordpress\/plugins\/seo\/ -->\n<title>commercial drone motor H202150 custom made heavy duty 180KGS Multi-rotor motor high-voltage power UAV version drone - Gimbaluav<\/title>\n<meta name=\"robots\" content=\"index, follow, max-snippet:-1, max-image-preview:large, max-video-preview:-1\" \/>\n<link rel=\"canonical\" href=\"https:\/\/www.gimbaluav.com\/es\/producto\/drone-comercial-motor-h202150-personalizado-de-alta-resistencia-180kgs-multi-rotor-del-motor-de-alta-tension-de-energia-uav-version-drone\/\" \/>\n<meta property=\"og:locale\" content=\"es_ES\" \/>\n<meta property=\"og:type\" content=\"article\" \/>\n<meta property=\"og:title\" content=\"commercial drone motor H202150 custom made heavy duty 180KGS Multi-rotor motor high-voltage power UAV version drone\" \/>\n<meta property=\"og:description\" content=\"commercial drone motor H202150 custom made heavy duty Multi-rotor motor high-voltage power UAV version drone commercial drone motor with high quality components for single- and multi-rotor unmanned aerial systems (UAS).\u00a0We are a market leader in both custom and off-the-shelf brushless motors, electronic speed controllers (ESCs), and military-grade propeller blades for commercial and industrial drones. The [...]\" \/>\n<meta property=\"og:url\" content=\"https:\/\/www.gimbaluav.com\/es\/producto\/drone-comercial-motor-h202150-personalizado-de-alta-resistencia-180kgs-multi-rotor-del-motor-de-alta-tension-de-energia-uav-version-drone\/\" \/>\n<meta property=\"og:site_name\" content=\"Gimbaluav\" \/>\n<meta property=\"article:modified_time\" content=\"2025-04-20T04:05:09+00:00\" \/>\n<meta property=\"og:image\" content=\"https:\/\/www.gimbaluav.com\/wp-content\/uploads\/2025\/04\/5487fb810-131_338-1.jpg\" \/>\n\t<meta property=\"og:image:width\" content=\"1000\" \/>\n\t<meta property=\"og:image:height\" content=\"1000\" \/>\n\t<meta property=\"og:image:type\" content=\"image\/jpeg\" \/>\n<meta name=\"twitter:card\" content=\"summary_large_image\" \/>\n<meta name=\"twitter:label1\" content=\"Tiempo de lectura\" \/>\n\t<meta name=\"twitter:data1\" content=\"1 minuto\" \/>\n<script type=\"application\/ld+json\" class=\"yoast-schema-graph\">{\"@context\":\"https:\/\/schema.org\",\"@graph\":[{\"@type\":\"WebPage\",\"@id\":\"https:\/\/www.gimbaluav.com\/product\/commercial-drone-motor-h202150-custom-made-heavy-duty-180kgs-multi-rotor-motor-high-voltage-power-uav-version-drone\/\",\"url\":\"https:\/\/www.gimbaluav.com\/product\/commercial-drone-motor-h202150-custom-made-heavy-duty-180kgs-multi-rotor-motor-high-voltage-power-uav-version-drone\/\",\"name\":\"commercial drone motor H202150 custom made heavy duty 180KGS Multi-rotor motor high-voltage power UAV version drone - Gimbaluav\",\"isPartOf\":{\"@id\":\"https:\/\/www.gimbaluav.com\/#website\"},\"primaryImageOfPage\":{\"@id\":\"https:\/\/www.gimbaluav.com\/product\/commercial-drone-motor-h202150-custom-made-heavy-duty-180kgs-multi-rotor-motor-high-voltage-power-uav-version-drone\/#primaryimage\"},\"image\":{\"@id\":\"https:\/\/www.gimbaluav.com\/product\/commercial-drone-motor-h202150-custom-made-heavy-duty-180kgs-multi-rotor-motor-high-voltage-power-uav-version-drone\/#primaryimage\"},\"thumbnailUrl\":\"https:\/\/www.gimbaluav.com\/wp-content\/uploads\/2025\/04\/5487fb810-131_338-1.jpg\",\"datePublished\":\"2025-04-20T04:04:03+00:00\",\"dateModified\":\"2025-04-20T04:05:09+00:00\",\"breadcrumb\":{\"@id\":\"https:\/\/www.gimbaluav.com\/product\/commercial-drone-motor-h202150-custom-made-heavy-duty-180kgs-multi-rotor-motor-high-voltage-power-uav-version-drone\/#breadcrumb\"},\"inLanguage\":\"es\",\"potentialAction\":[{\"@type\":\"ReadAction\",\"target\":[\"https:\/\/www.gimbaluav.com\/product\/commercial-drone-motor-h202150-custom-made-heavy-duty-180kgs-multi-rotor-motor-high-voltage-power-uav-version-drone\/\"]}]},{\"@type\":\"ImageObject\",\"inLanguage\":\"es\",\"@id\":\"https:\/\/www.gimbaluav.com\/product\/commercial-drone-motor-h202150-custom-made-heavy-duty-180kgs-multi-rotor-motor-high-voltage-power-uav-version-drone\/#primaryimage\",\"url\":\"https:\/\/www.gimbaluav.com\/wp-content\/uploads\/2025\/04\/5487fb810-131_338-1.jpg\",\"contentUrl\":\"https:\/\/www.gimbaluav.com\/wp-content\/uploads\/2025\/04\/5487fb810-131_338-1.jpg\",\"width\":1000,\"height\":1000},{\"@type\":\"BreadcrumbList\",\"@id\":\"https:\/\/www.gimbaluav.com\/product\/commercial-drone-motor-h202150-custom-made-heavy-duty-180kgs-multi-rotor-motor-high-voltage-power-uav-version-drone\/#breadcrumb\",\"itemListElement\":[{\"@type\":\"ListItem\",\"position\":1,\"name\":\"Home\",\"item\":\"https:\/\/www.gimbaluav.com\/\"},{\"@type\":\"ListItem\",\"position\":2,\"name\":\"Shop\",\"item\":\"https:\/\/www.gimbaluav.com\/he\/shop\/\"},{\"@type\":\"ListItem\",\"position\":3,\"name\":\"commercial drone motor H202150 custom made heavy duty 180KGS Multi-rotor motor high-voltage power UAV version drone\"}]},{\"@type\":\"WebSite\",\"@id\":\"https:\/\/www.gimbaluav.com\/#website\",\"url\":\"https:\/\/www.gimbaluav.com\/\",\"name\":\"Gimbaluav\",\"description\":\"\",\"potentialAction\":[{\"@type\":\"SearchAction\",\"target\":{\"@type\":\"EntryPoint\",\"urlTemplate\":\"https:\/\/www.gimbaluav.com\/?s={search_term_string}\"},\"query-input\":{\"@type\":\"PropertyValueSpecification\",\"valueRequired\":true,\"valueName\":\"search_term_string\"}}],\"inLanguage\":\"es\"}]}<\/script>\n<!-- \/ Yoast SEO Premium plugin. -->","yoast_head_json":{"title":"commercial drone motor H202150 custom made heavy duty 180KGS Multi-rotor motor high-voltage power UAV version drone - Gimbaluav","robots":{"index":"index","follow":"follow","max-snippet":"max-snippet:-1","max-image-preview":"max-image-preview:large","max-video-preview":"max-video-preview:-1"},"canonical":"https:\/\/www.gimbaluav.com\/es\/producto\/drone-comercial-motor-h202150-personalizado-de-alta-resistencia-180kgs-multi-rotor-del-motor-de-alta-tension-de-energia-uav-version-drone\/","og_locale":"es_ES","og_type":"article","og_title":"commercial drone motor H202150 custom made heavy duty 180KGS Multi-rotor motor high-voltage power UAV version drone","og_description":"commercial drone motor H202150 custom made heavy duty Multi-rotor motor high-voltage power UAV version drone commercial drone motor with high quality components for single- and multi-rotor unmanned aerial systems (UAS).\u00a0We are a market leader in both custom and off-the-shelf brushless motors, electronic speed controllers (ESCs), and military-grade propeller blades for commercial and industrial drones. The [...]","og_url":"https:\/\/www.gimbaluav.com\/es\/producto\/drone-comercial-motor-h202150-personalizado-de-alta-resistencia-180kgs-multi-rotor-del-motor-de-alta-tension-de-energia-uav-version-drone\/","og_site_name":"Gimbaluav","article_modified_time":"2025-04-20T04:05:09+00:00","og_image":[{"width":1000,"height":1000,"url":"https:\/\/www.gimbaluav.com\/wp-content\/uploads\/2025\/04\/5487fb810-131_338-1.jpg","type":"image\/jpeg"}],"twitter_card":"summary_large_image","twitter_misc":{"Tiempo de lectura":"1 minuto"},"schema":{"@context":"https:\/\/schema.org","@graph":[{"@type":"WebPage","@id":"https:\/\/www.gimbaluav.com\/product\/commercial-drone-motor-h202150-custom-made-heavy-duty-180kgs-multi-rotor-motor-high-voltage-power-uav-version-drone\/","url":"https:\/\/www.gimbaluav.com\/product\/commercial-drone-motor-h202150-custom-made-heavy-duty-180kgs-multi-rotor-motor-high-voltage-power-uav-version-drone\/","name":"commercial drone motor H202150 custom made heavy duty 180KGS Multi-rotor motor high-voltage power UAV version drone - Gimbaluav","isPartOf":{"@id":"https:\/\/www.gimbaluav.com\/#website"},"primaryImageOfPage":{"@id":"https:\/\/www.gimbaluav.com\/product\/commercial-drone-motor-h202150-custom-made-heavy-duty-180kgs-multi-rotor-motor-high-voltage-power-uav-version-drone\/#primaryimage"},"image":{"@id":"https:\/\/www.gimbaluav.com\/product\/commercial-drone-motor-h202150-custom-made-heavy-duty-180kgs-multi-rotor-motor-high-voltage-power-uav-version-drone\/#primaryimage"},"thumbnailUrl":"https:\/\/www.gimbaluav.com\/wp-content\/uploads\/2025\/04\/5487fb810-131_338-1.jpg","datePublished":"2025-04-20T04:04:03+00:00","dateModified":"2025-04-20T04:05:09+00:00","breadcrumb":{"@id":"https:\/\/www.gimbaluav.com\/product\/commercial-drone-motor-h202150-custom-made-heavy-duty-180kgs-multi-rotor-motor-high-voltage-power-uav-version-drone\/#breadcrumb"},"inLanguage":"es","potentialAction":[{"@type":"ReadAction","target":["https:\/\/www.gimbaluav.com\/product\/commercial-drone-motor-h202150-custom-made-heavy-duty-180kgs-multi-rotor-motor-high-voltage-power-uav-version-drone\/"]}]},{"@type":"ImageObject","inLanguage":"es","@id":"https:\/\/www.gimbaluav.com\/product\/commercial-drone-motor-h202150-custom-made-heavy-duty-180kgs-multi-rotor-motor-high-voltage-power-uav-version-drone\/#primaryimage","url":"https:\/\/www.gimbaluav.com\/wp-content\/uploads\/2025\/04\/5487fb810-131_338-1.jpg","contentUrl":"https:\/\/www.gimbaluav.com\/wp-content\/uploads\/2025\/04\/5487fb810-131_338-1.jpg","width":1000,"height":1000},{"@type":"BreadcrumbList","@id":"https:\/\/www.gimbaluav.com\/product\/commercial-drone-motor-h202150-custom-made-heavy-duty-180kgs-multi-rotor-motor-high-voltage-power-uav-version-drone\/#breadcrumb","itemListElement":[{"@type":"ListItem","position":1,"name":"Home","item":"https:\/\/www.gimbaluav.com\/"},{"@type":"ListItem","position":2,"name":"Shop","item":"https:\/\/www.gimbaluav.com\/he\/shop\/"},{"@type":"ListItem","position":3,"name":"commercial drone motor H202150 custom made heavy duty 180KGS Multi-rotor motor high-voltage power UAV version drone"}]},{"@type":"WebSite","@id":"https:\/\/www.gimbaluav.com\/#website","url":"https:\/\/www.gimbaluav.com\/","name":"Gimbaluav","description":"","potentialAction":[{"@type":"SearchAction","target":{"@type":"EntryPoint","urlTemplate":"https:\/\/www.gimbaluav.com\/?s={search_term_string}"},"query-input":{"@type":"PropertyValueSpecification","valueRequired":true,"valueName":"search_term_string"}}],"inLanguage":"es"}]}},"_links":{"self":[{"href":"https:\/\/www.gimbaluav.com\/es\/wp-json\/wp\/v2\/product\/1094","targetHints":{"allow":["GET"]}}],"collection":[{"href":"https:\/\/www.gimbaluav.com\/es\/wp-json\/wp\/v2\/product"}],"about":[{"href":"https:\/\/www.gimbaluav.com\/es\/wp-json\/wp\/v2\/types\/product"}],"replies":[{"embeddable":true,"href":"https:\/\/www.gimbaluav.com\/es\/wp-json\/wp\/v2\/comments?post=1094"}],"wp:featuredmedia":[{"embeddable":true,"href":"https:\/\/www.gimbaluav.com\/es\/wp-json\/wp\/v2\/media\/1181"}],"wp:attachment":[{"href":"https:\/\/www.gimbaluav.com\/es\/wp-json\/wp\/v2\/media?parent=1094"}],"wp:term":[{"taxonomy":"product_brand","embeddable":true,"href":"https:\/\/www.gimbaluav.com\/es\/wp-json\/wp\/v2\/product_brand?post=1094"},{"taxonomy":"product_cat","embeddable":true,"href":"https:\/\/www.gimbaluav.com\/es\/wp-json\/wp\/v2\/product_cat?post=1094"},{"taxonomy":"product_tag","embeddable":true,"href":"https:\/\/www.gimbaluav.com\/es\/wp-json\/wp\/v2\/product_tag?post=1094"}],"curies":[{"name":"wp","href":"https:\/\/api.w.org\/{rel}","templated":true}]}}