{"id":872,"date":"2025-04-20T04:00:56","date_gmt":"2025-04-20T04:00:56","guid":{"rendered":"https:\/\/www.dronestab.ru\/?post_type=product&#038;p=872"},"modified":"2025-04-20T04:03:07","modified_gmt":"2025-04-20T04:03:07","slug":"hobbywing-x8-foc-integrated-power-propulsion-system-3090-cw-ccw-propeller-for-30-35-40mm-carbon-tube-payload-agricultural-drones","status":"publish","type":"product","link":"https:\/\/www.gimbaluav.com\/es\/producto\/hobbywing-x8-foc-integrated-power-propulsion-system-3090-cw-ccw-propeller-for-30-35-40mm-carbon-tube-payload-agricultural-drones\/","title":{"rendered":"Hobbywing X8 FOC Sistema de Propulsi\u00f3n de Potencia Integrada 3090 H\u00e9lice CW CCW para Drones Agr\u00edcolas con Carga \u00datil de Tubo de Carbono de 30\/35\/40mm"},"content":{"rendered":"<div class=\"electro-description clearfix\">\n<h1>Hobbywing X8 FOC Sistema de Propulsi\u00f3n de Potencia Integrada 3090 H\u00e9lice CW CCW para Drones Agr\u00edcolas con Carga \u00datil de Tubo de Carbono de 30\/35\/40mm<\/h1>\n<p>Hobbywing X8 brushless power system is a power system capable of carrying a load of 5~7kg (per rotor) for agricultural drones. It can provide the thrust of up to 15.3kg and match 30\/35mm carbon fiber tube arms. It\u2019s waterproof an dustproof to IPX7 standard and resistant to rainwater, pesticides, salt spray, sand, dust, mud, sandy soil, high temperature and impact. It also features the algorithm used for optimizing the FOC ESC &amp; Motor system and making the system more balanced, multiple protections like power-on self detection, power-on abnormal voltage, over-current and motor lock-up, and the real-time data output function.<\/p>\n<p>\u2022 The whole power system has been assembled before leaving the factory, it\u2019s ready-to-use and you can directly mount it on your agricultural drone as per the rotation direction (CW\/CCW) marked on the motor.<br \/>\u2022 The bore diameter (of the arm) is 35mm, if you want to use the 30mm tube, then tube adapter will be needed.<br \/>\u2022 The (Black\/Red\/White) tri-color cable is for outputting data &amp; updating ESC firmware, the (White\/Black) bi-color cable is the throttle signal cable, and the yellow wire is the RPM signal output wire.<br \/>\u2022 The data signal wire is for outputting throttle input, throttle output, motor RPM, input current, output current, input voltage, capacitor temperature, MOS temperature, and etc.<br \/>\u2022 The throttle range of the ESC is fixed at 1100~1940\u00b5s.<\/p>\n<p><img loading=\"lazy\" decoding=\"async\" class=\"alignnone wp-image-7519 size-large\" src=\"\/wp-content\/uploads\/2025\/03\/5-1-1024x635.jpg\" alt=\"Hobbywing X8\" width=\"1024\" height=\"635\"sizes=\"auto, (max-width: 1024px) 100vw, 1024px\"><img loading=\"lazy\" decoding=\"async\" class=\"alignnone wp-image-7520 size-large\" src=\"\/wp-content\/uploads\/2025\/03\/6-1024x471.jpg\" alt=\"Hobbywing X8\" width=\"1024\" height=\"471\"sizes=\"auto, (max-width: 1024px) 100vw, 1024px\"><img loading=\"lazy\" decoding=\"async\" class=\"alignnone size-large wp-image-7521\" src=\"\/wp-content\/uploads\/2025\/03\/8-1024x613.jpg\" alt=\"\" width=\"1024\" height=\"613\"sizes=\"auto, (max-width: 1024px) 100vw, 1024px\"><img loading=\"lazy\" decoding=\"async\" class=\"alignnone wp-image-7522 size-large\" src=\"\/wp-content\/uploads\/2025\/03\/9-1024x562.jpg\" alt=\"Hobbywing X8\" width=\"1024\" height=\"562\"sizes=\"auto, (max-width: 1024px) 100vw, 1024px\"><img loading=\"lazy\" decoding=\"async\" class=\"alignnone size-large wp-image-7523\" src=\"\/wp-content\/uploads\/2025\/03\/10-1024x573.jpg\" alt=\"\" width=\"1024\" height=\"573\"sizes=\"auto, (max-width: 1024px) 100vw, 1024px\"><img loading=\"lazy\" decoding=\"async\" class=\"alignnone wp-image-7524 size-large\" src=\"\/wp-content\/uploads\/2025\/03\/11-1024x657.jpg\" alt=\"Hobbywing X8\" width=\"1024\" height=\"657\"sizes=\"auto, (max-width: 1024px) 100vw, 1024px\"><img loading=\"lazy\" decoding=\"async\" class=\"alignnone size-large wp-image-7525\" src=\"\/wp-content\/uploads\/2025\/03\/12-1024x548.jpg\" alt=\"\" width=\"1024\" height=\"548\"sizes=\"auto, (max-width: 1024px) 100vw, 1024px\"><img loading=\"lazy\" decoding=\"async\" class=\"alignnone size-large wp-image-7526\" src=\"\/wp-content\/uploads\/2025\/03\/13-1024x761.jpg\" alt=\"\" width=\"1024\" height=\"761\"sizes=\"auto, (max-width: 1024px) 100vw, 1024px\"><img loading=\"lazy\" decoding=\"async\" class=\"alignnone size-large wp-image-7527\" src=\"\/wp-content\/uploads\/2025\/03\/14-1024x398.jpg\" alt=\"\" width=\"1024\" height=\"398\"sizes=\"auto, (max-width: 1024px) 100vw, 1024px\"><\/p>\n<p>&nbsp;<\/p>\n<\/div>\n<div class=\"product_meta\"><span class=\"sku_wrapper\">SKU: <span class=\"sku\">5487FB8\/10-101<\/span><\/span><span class=\"posted_in\">Categories: Agriculture Drone, Power system &amp; propeller<\/span><\/div>","protected":false},"excerpt":{"rendered":"<p>Hobbywing X8 FOC Integrated Power Propulsion System 3090 CW CCW Propeller for 30\/35\/40mm Carbon Tube Payload Agricultural Drones Hobbywing X8 brushless power system is a power system capable of carrying a load of 5~7kg (per rotor) for agricultural drones. It can provide the thrust of up to 15.3kg and match 30\/35mm carbon fiber tube arms. [&#8230;]","protected":false},"featured_media":925,"comment_status":"open","ping_status":"closed","template":"","meta":[],"product_brand":[],"product_cat":[109],"product_tag":[77,80],"class_list":{"0":"post-872","1":"product","2":"type-product","3":"status-publish","4":"has-post-thumbnail","6":"product_cat-power-system-propeller","7":"product_tag-power-system-propeller","8":"product_tag-agriculture-drone","10":"first","11":"instock","12":"shipping-taxable","13":"purchasable","14":"product-type-variable","15":"has-default-attributes"},"yoast_head":"<!-- This site is optimized with the Yoast SEO Premium plugin v25.1 (Yoast SEO v25.1) - https:\/\/yoast.com\/wordpress\/plugins\/seo\/ -->\n<title>Hobbywing X8 FOC Integrated Power Propulsion System 3090 CW CCW Propeller for 30\/35\/40mm Carbon Tube Payload Agricultural Drones - Gimbaluav<\/title>\n<meta name=\"robots\" content=\"index, follow, max-snippet:-1, max-image-preview:large, max-video-preview:-1\" \/>\n<link rel=\"canonical\" href=\"https:\/\/www.gimbaluav.com\/es\/producto\/hobbywing-x8-foc-integrated-power-propulsion-system-3090-cw-ccw-propeller-for-30-35-40mm-carbon-tube-payload-agricultural-drones\/\" \/>\n<meta property=\"og:locale\" content=\"es_ES\" \/>\n<meta property=\"og:type\" content=\"article\" \/>\n<meta property=\"og:title\" content=\"Hobbywing X8 FOC Integrated Power Propulsion System 3090 CW CCW Propeller for 30\/35\/40mm Carbon Tube Payload Agricultural Drones\" \/>\n<meta property=\"og:description\" content=\"Hobbywing X8 FOC Integrated Power Propulsion System 3090 CW CCW Propeller for 30\/35\/40mm Carbon Tube Payload Agricultural Drones Hobbywing X8 brushless power system is a power system capable of carrying a load of 5~7kg (per rotor) for agricultural drones. It can provide the thrust of up to 15.3kg and match 30\/35mm carbon fiber tube arms. [...]\" \/>\n<meta property=\"og:url\" content=\"https:\/\/www.gimbaluav.com\/es\/producto\/hobbywing-x8-foc-integrated-power-propulsion-system-3090-cw-ccw-propeller-for-30-35-40mm-carbon-tube-payload-agricultural-drones\/\" \/>\n<meta property=\"og:site_name\" content=\"Gimbaluav\" \/>\n<meta property=\"article:modified_time\" content=\"2025-04-20T04:03:07+00:00\" \/>\n<meta property=\"og:image\" content=\"https:\/\/www.gimbaluav.com\/wp-content\/uploads\/2025\/04\/5487fb810-101_499-1.jpg\" \/>\n\t<meta property=\"og:image:width\" content=\"800\" \/>\n\t<meta property=\"og:image:height\" content=\"596\" \/>\n\t<meta property=\"og:image:type\" content=\"image\/jpeg\" \/>\n<meta name=\"twitter:card\" content=\"summary_large_image\" \/>\n<meta name=\"twitter:label1\" content=\"Tiempo de lectura\" \/>\n\t<meta name=\"twitter:data1\" content=\"1 minuto\" \/>\n<script type=\"application\/ld+json\" class=\"yoast-schema-graph\">{\"@context\":\"https:\/\/schema.org\",\"@graph\":[{\"@type\":\"WebPage\",\"@id\":\"https:\/\/www.gimbaluav.com\/product\/hobbywing-x8-foc-integrated-power-propulsion-system-3090-cw-ccw-propeller-for-30-35-40mm-carbon-tube-payload-agricultural-drones\/\",\"url\":\"https:\/\/www.gimbaluav.com\/product\/hobbywing-x8-foc-integrated-power-propulsion-system-3090-cw-ccw-propeller-for-30-35-40mm-carbon-tube-payload-agricultural-drones\/\",\"name\":\"Hobbywing X8 FOC Integrated Power Propulsion System 3090 CW CCW Propeller for 30\/35\/40mm Carbon Tube Payload Agricultural Drones - Gimbaluav\",\"isPartOf\":{\"@id\":\"https:\/\/www.gimbaluav.com\/#website\"},\"primaryImageOfPage\":{\"@id\":\"https:\/\/www.gimbaluav.com\/product\/hobbywing-x8-foc-integrated-power-propulsion-system-3090-cw-ccw-propeller-for-30-35-40mm-carbon-tube-payload-agricultural-drones\/#primaryimage\"},\"image\":{\"@id\":\"https:\/\/www.gimbaluav.com\/product\/hobbywing-x8-foc-integrated-power-propulsion-system-3090-cw-ccw-propeller-for-30-35-40mm-carbon-tube-payload-agricultural-drones\/#primaryimage\"},\"thumbnailUrl\":\"https:\/\/www.gimbaluav.com\/wp-content\/uploads\/2025\/04\/5487fb810-101_499-1.jpg\",\"datePublished\":\"2025-04-20T04:00:56+00:00\",\"dateModified\":\"2025-04-20T04:03:07+00:00\",\"breadcrumb\":{\"@id\":\"https:\/\/www.gimbaluav.com\/product\/hobbywing-x8-foc-integrated-power-propulsion-system-3090-cw-ccw-propeller-for-30-35-40mm-carbon-tube-payload-agricultural-drones\/#breadcrumb\"},\"inLanguage\":\"es\",\"potentialAction\":[{\"@type\":\"ReadAction\",\"target\":[\"https:\/\/www.gimbaluav.com\/product\/hobbywing-x8-foc-integrated-power-propulsion-system-3090-cw-ccw-propeller-for-30-35-40mm-carbon-tube-payload-agricultural-drones\/\"]}]},{\"@type\":\"ImageObject\",\"inLanguage\":\"es\",\"@id\":\"https:\/\/www.gimbaluav.com\/product\/hobbywing-x8-foc-integrated-power-propulsion-system-3090-cw-ccw-propeller-for-30-35-40mm-carbon-tube-payload-agricultural-drones\/#primaryimage\",\"url\":\"https:\/\/www.gimbaluav.com\/wp-content\/uploads\/2025\/04\/5487fb810-101_499-1.jpg\",\"contentUrl\":\"https:\/\/www.gimbaluav.com\/wp-content\/uploads\/2025\/04\/5487fb810-101_499-1.jpg\",\"width\":800,\"height\":596},{\"@type\":\"BreadcrumbList\",\"@id\":\"https:\/\/www.gimbaluav.com\/product\/hobbywing-x8-foc-integrated-power-propulsion-system-3090-cw-ccw-propeller-for-30-35-40mm-carbon-tube-payload-agricultural-drones\/#breadcrumb\",\"itemListElement\":[{\"@type\":\"ListItem\",\"position\":1,\"name\":\"Home\",\"item\":\"https:\/\/www.gimbaluav.com\/\"},{\"@type\":\"ListItem\",\"position\":2,\"name\":\"Shop\",\"item\":\"https:\/\/www.gimbaluav.com\/he\/shop\/\"},{\"@type\":\"ListItem\",\"position\":3,\"name\":\"Hobbywing X8 FOC Integrated Power Propulsion System 3090 CW CCW Propeller for 30\/35\/40mm Carbon Tube Payload Agricultural Drones\"}]},{\"@type\":\"WebSite\",\"@id\":\"https:\/\/www.gimbaluav.com\/#website\",\"url\":\"https:\/\/www.gimbaluav.com\/\",\"name\":\"Gimbaluav\",\"description\":\"\",\"potentialAction\":[{\"@type\":\"SearchAction\",\"target\":{\"@type\":\"EntryPoint\",\"urlTemplate\":\"https:\/\/www.gimbaluav.com\/?s={search_term_string}\"},\"query-input\":{\"@type\":\"PropertyValueSpecification\",\"valueRequired\":true,\"valueName\":\"search_term_string\"}}],\"inLanguage\":\"es\"}]}<\/script>\n<!-- \/ Yoast SEO Premium plugin. -->","yoast_head_json":{"title":"Hobbywing X8 FOC Integrated Power Propulsion System 3090 CW CCW Propeller for 30\/35\/40mm Carbon Tube Payload Agricultural Drones - Gimbaluav","robots":{"index":"index","follow":"follow","max-snippet":"max-snippet:-1","max-image-preview":"max-image-preview:large","max-video-preview":"max-video-preview:-1"},"canonical":"https:\/\/www.gimbaluav.com\/es\/producto\/hobbywing-x8-foc-integrated-power-propulsion-system-3090-cw-ccw-propeller-for-30-35-40mm-carbon-tube-payload-agricultural-drones\/","og_locale":"es_ES","og_type":"article","og_title":"Hobbywing X8 FOC Integrated Power Propulsion System 3090 CW CCW Propeller for 30\/35\/40mm Carbon Tube Payload Agricultural Drones","og_description":"Hobbywing X8 FOC Integrated Power Propulsion System 3090 CW CCW Propeller for 30\/35\/40mm Carbon Tube Payload Agricultural Drones Hobbywing X8 brushless power system is a power system capable of carrying a load of 5~7kg (per rotor) for agricultural drones. It can provide the thrust of up to 15.3kg and match 30\/35mm carbon fiber tube arms. [...]","og_url":"https:\/\/www.gimbaluav.com\/es\/producto\/hobbywing-x8-foc-integrated-power-propulsion-system-3090-cw-ccw-propeller-for-30-35-40mm-carbon-tube-payload-agricultural-drones\/","og_site_name":"Gimbaluav","article_modified_time":"2025-04-20T04:03:07+00:00","og_image":[{"width":800,"height":596,"url":"https:\/\/www.gimbaluav.com\/wp-content\/uploads\/2025\/04\/5487fb810-101_499-1.jpg","type":"image\/jpeg"}],"twitter_card":"summary_large_image","twitter_misc":{"Tiempo de lectura":"1 minuto"},"schema":{"@context":"https:\/\/schema.org","@graph":[{"@type":"WebPage","@id":"https:\/\/www.gimbaluav.com\/product\/hobbywing-x8-foc-integrated-power-propulsion-system-3090-cw-ccw-propeller-for-30-35-40mm-carbon-tube-payload-agricultural-drones\/","url":"https:\/\/www.gimbaluav.com\/product\/hobbywing-x8-foc-integrated-power-propulsion-system-3090-cw-ccw-propeller-for-30-35-40mm-carbon-tube-payload-agricultural-drones\/","name":"Hobbywing X8 FOC Integrated Power Propulsion System 3090 CW CCW Propeller for 30\/35\/40mm Carbon Tube Payload Agricultural Drones - Gimbaluav","isPartOf":{"@id":"https:\/\/www.gimbaluav.com\/#website"},"primaryImageOfPage":{"@id":"https:\/\/www.gimbaluav.com\/product\/hobbywing-x8-foc-integrated-power-propulsion-system-3090-cw-ccw-propeller-for-30-35-40mm-carbon-tube-payload-agricultural-drones\/#primaryimage"},"image":{"@id":"https:\/\/www.gimbaluav.com\/product\/hobbywing-x8-foc-integrated-power-propulsion-system-3090-cw-ccw-propeller-for-30-35-40mm-carbon-tube-payload-agricultural-drones\/#primaryimage"},"thumbnailUrl":"https:\/\/www.gimbaluav.com\/wp-content\/uploads\/2025\/04\/5487fb810-101_499-1.jpg","datePublished":"2025-04-20T04:00:56+00:00","dateModified":"2025-04-20T04:03:07+00:00","breadcrumb":{"@id":"https:\/\/www.gimbaluav.com\/product\/hobbywing-x8-foc-integrated-power-propulsion-system-3090-cw-ccw-propeller-for-30-35-40mm-carbon-tube-payload-agricultural-drones\/#breadcrumb"},"inLanguage":"es","potentialAction":[{"@type":"ReadAction","target":["https:\/\/www.gimbaluav.com\/product\/hobbywing-x8-foc-integrated-power-propulsion-system-3090-cw-ccw-propeller-for-30-35-40mm-carbon-tube-payload-agricultural-drones\/"]}]},{"@type":"ImageObject","inLanguage":"es","@id":"https:\/\/www.gimbaluav.com\/product\/hobbywing-x8-foc-integrated-power-propulsion-system-3090-cw-ccw-propeller-for-30-35-40mm-carbon-tube-payload-agricultural-drones\/#primaryimage","url":"https:\/\/www.gimbaluav.com\/wp-content\/uploads\/2025\/04\/5487fb810-101_499-1.jpg","contentUrl":"https:\/\/www.gimbaluav.com\/wp-content\/uploads\/2025\/04\/5487fb810-101_499-1.jpg","width":800,"height":596},{"@type":"BreadcrumbList","@id":"https:\/\/www.gimbaluav.com\/product\/hobbywing-x8-foc-integrated-power-propulsion-system-3090-cw-ccw-propeller-for-30-35-40mm-carbon-tube-payload-agricultural-drones\/#breadcrumb","itemListElement":[{"@type":"ListItem","position":1,"name":"Home","item":"https:\/\/www.gimbaluav.com\/"},{"@type":"ListItem","position":2,"name":"Shop","item":"https:\/\/www.gimbaluav.com\/he\/shop\/"},{"@type":"ListItem","position":3,"name":"Hobbywing X8 FOC Integrated Power Propulsion System 3090 CW CCW Propeller for 30\/35\/40mm Carbon Tube Payload Agricultural Drones"}]},{"@type":"WebSite","@id":"https:\/\/www.gimbaluav.com\/#website","url":"https:\/\/www.gimbaluav.com\/","name":"Gimbaluav","description":"","potentialAction":[{"@type":"SearchAction","target":{"@type":"EntryPoint","urlTemplate":"https:\/\/www.gimbaluav.com\/?s={search_term_string}"},"query-input":{"@type":"PropertyValueSpecification","valueRequired":true,"valueName":"search_term_string"}}],"inLanguage":"es"}]}},"_links":{"self":[{"href":"https:\/\/www.gimbaluav.com\/es\/wp-json\/wp\/v2\/product\/872","targetHints":{"allow":["GET"]}}],"collection":[{"href":"https:\/\/www.gimbaluav.com\/es\/wp-json\/wp\/v2\/product"}],"about":[{"href":"https:\/\/www.gimbaluav.com\/es\/wp-json\/wp\/v2\/types\/product"}],"replies":[{"embeddable":true,"href":"https:\/\/www.gimbaluav.com\/es\/wp-json\/wp\/v2\/comments?post=872"}],"wp:featuredmedia":[{"embeddable":true,"href":"https:\/\/www.gimbaluav.com\/es\/wp-json\/wp\/v2\/media\/925"}],"wp:attachment":[{"href":"https:\/\/www.gimbaluav.com\/es\/wp-json\/wp\/v2\/media?parent=872"}],"wp:term":[{"taxonomy":"product_brand","embeddable":true,"href":"https:\/\/www.gimbaluav.com\/es\/wp-json\/wp\/v2\/product_brand?post=872"},{"taxonomy":"product_cat","embeddable":true,"href":"https:\/\/www.gimbaluav.com\/es\/wp-json\/wp\/v2\/product_cat?post=872"},{"taxonomy":"product_tag","embeddable":true,"href":"https:\/\/www.gimbaluav.com\/es\/wp-json\/wp\/v2\/product_tag?post=872"}],"curies":[{"name":"wp","href":"https:\/\/api.w.org\/{rel}","templated":true}]}}